{"id":29,"date":"2024-05-09T08:19:57","date_gmt":"2024-05-09T08:19:57","guid":{"rendered":"https:\/\/gronerland.jmansour.opalstacked.com\/?page_id=29"},"modified":"2024-06-19T17:25:01","modified_gmt":"2024-06-19T15:25:01","slug":"offener-brief","status":"publish","type":"page","link":"https:\/\/voices-of-gl9.de\/?page_id=29","title":{"rendered":"Offener Brief"},"content":{"rendered":"\n<p><em>Am Mittwoch, den 15. Mai 2024 wurde dieser offene Brief an die Stadtverwaltung \u00fcbergeben<\/em>.<\/p>\n\n\n\n<hr class=\"wp-block-separator has-alpha-channel-opacity is-style-left-aligned\"\/>\n\n\n\n<p>Sehr geehrte Oberb\u00fcrgermeisterin Broistedt,<\/p>\n\n\n\n<p>sehr geehrte Sozialdezernentin Krause,<\/p>\n\n\n\n<p>Vor wenigen Wochen fiel am Dienstag, den 9.4.2024 die Polizei in Ihrem Wissen und mit Ihrem Zuspruch in den H\u00e4userkomplex Groner Landstra\u00dfe 9a-b ein. Wir G\u00f6ttinger*innen verurteilen dieses Vorgehen und stellen uns klar gegen die Stigmatisierung und Kriminalisierung der Bewohner*innen. Solch eine Situation darf sich nicht wiederholen. Wir betrachten diesen neuesten gemeinsamen Gro\u00dfeinsatz von Stadt, Polizei sowie \u201eTaskforce\u201c bzw. \u201eStabstelle\u201c in einer Reihe mit dem Polizeieinsatz im Juni 2020. Die Bewohner*innen wurden damals unter unw\u00fcrdigen Umst\u00e4nden eingesperrt und kriminalisiert. Die mediale Stigmatisierung h\u00e4lt noch immer an.<\/p>\n\n\n\n<p>Dieser Einsatz wurde, wie Sie wissen, inzwischen als rechtswidrig eingestuft. Und dennoch marschierte nun vier Jahre sp\u00e4ter erneut ein massives Polizeiaufgebot mit martialischem Auftreten bei den Bewohner*innen ein. Wir sehen die Eins\u00e4tze im Kontext der systematischen Diskriminierung aufgrund von Rassismus und Armut, von denen viele der Bewohnenden der Groner Landstra\u00dfe 9a-b betroffen sind. Entsprechende Ressentiments und Stigmatisierungen sind ein Grund f\u00fcr das martialische Auftreten gegen\u00fcber den Bewohner*innen.<\/p>\n\n\n\n<p>In der Groner Landstra\u00dfe 9a-b leben zahlreiche Kinder und gerade f\u00fcr diese kann ein Morgen wie der am 9. April nicht nur angsteinfl\u00f6\u00dfend, sondern auch (re-)traumatisierend sein. Eine Machtdemonstration wie diese wird als dem\u00fctigend und entmenschlichend empfunden und hinterl\u00e4sst gerade bei Kindern ein Gef\u00fchl der st\u00e4ndigen Unsicherheit. Kindern wird das Gef\u00fchl vermittelt, aufgrund der eigenen Wohnadresse weniger Wert zu sein. Erfahrungen und Einschnitte dieser Art pr\u00e4gen und begleiten Menschen ein Leben lang.<\/p>\n\n\n\n<p>Die Bewohner*innen sind verst\u00e4ndlicherweise besorgt, dass diese Ma\u00dfnahme nicht zur \u201eVerbesserung der Lebensumst\u00e4nde\u201c beitragen wird. Ma\u00dfnahmen wie diese tragen zur weiteren Stimgatisierung der Bewohner*innen bei und f\u00fchren dazu, dass sie vom Wohnungsmarkt weiter ausgeschlossen werden. Allein durch Angabe der Adresse wird das erfolgreiche Bewerben auf eine neue Wohnung oder Arbeitsstelle verhindert. Wenn es Ihnen tats\u00e4chlich um das Wohl der vorort lebenden Menschen gehen w\u00fcrde, warum wurden die Bewohnenden dann nicht im Vorhinein \u00fcber die Begehung informiert? Inwiefern genau soll ein massives Polizeiaufgebot, das Menschen um 6 Uhr morgens aus dem Schlaf rei\u00dft, zur \u201eVerbesserung der Lebensumst\u00e4nde\u201c beitragen? Wieso kam es im Zuge der Begehung zu parallelen Hausdurchsuchungen?<\/p>\n\n\n\n<p>Aus unserer Sicht tr\u00e4gt die Stadt G\u00f6ttingen Verantwortung f\u00fcr die Situation auf dem G\u00f6ttinger Wohnungsmarkt und damit auch f\u00fcr die Situation in der Groner Landstra\u00dfe 9a-b. \u00dcber Jahrzehnte wurde sich in der Wohnraumpolitik zur\u00fcckgehalten und auf eine von Investoren getriebene Stadtentwicklung gesetzt. Prek\u00e4re Wohnverh\u00e4ltnisse zu horrenden Mieten sind unter anderem die Konsequenz, die unsere Mitmenschen aushalten m\u00fcssen. Die Menschen, die in Wohnkomplexen wie der Groner Landstra\u00dfe 9a-b leben, haben die prek\u00e4ren Wohnverh\u00e4ltnisse nicht zu verantworten aber werden durch Ihre Ma\u00dfnahmen gestraft.<\/p>\n\n\n\n<p>H\u00f6ren Sie auf, gezielt Menschen in Wohnungen in der Groner Landstra\u00dfe 9 zu vermitteln. Werden Sie selbst aktiv und k\u00fcmmern Sie sich um bezahlbaren Wohnraum f\u00fcr alle. H\u00f6ren Sie auf, die Bewohner*innen der Groner Landstra\u00dfe 9 unter Generalverdacht zu stellen und behandeln Sie sie als Individuen und als Menschen. Wir lassen es nicht zu, dass die G\u00f6ttinger Stadtpolitik sie in ihren Aktionen weiterhin unmenschlich behandelt und zu ihrer Diskriminierung beitr\u00e4gt. Was wir wollen ist, dass Sie Ihrer Verantwortung nachkommen, und allen G\u00f6ttinger*innen ein w\u00fcrdevolles Wohnen und Leben erm\u00f6glichen, anstatt es zu erschweren.<\/p>\n\n\n\n<p>In Solidarit\u00e4t mit den G\u00f6ttinger*innen in der Groner Landstra\u00dfe 9!<\/p>\n\n\n\n<h3 class=\"wp-block-heading\">Unterzeichner*innen<\/h3>\n\n\n\n<ul class=\"wp-block-list\">\n<li>SJ  &#8211; Die Falken G\u00f6ttingen<\/li>\n\n\n\n<li>Roma Center e.V. \/ Roma Antidiscrimination Network<\/li>\n\n\n\n<li>Basisdemokratische Linke G\u00f6ttingen<\/li>\n\n\n\n<li>Bundes Roma Verband e.V.<\/li>\n\n\n\n<li>B\u00fcndnis &#8220;Gutes Wohnen f\u00fcr Alle&#8221;<\/li>\n\n\n\n<li>AK Asyl G\u00f6ttingen<\/li>\n\n\n\n<li>Ver.di Ortsverein G\u00f6ttingen<\/li>\n\n\n\n<li>Ver.di Bildungswerk<\/li>\n\n\n\n<li>Our House OM10<\/li>\n\n\n\n<li>Fl\u00fcchtlingscafe G\u00f6ttingen<\/li>\n\n\n\n<li>NS-Familien-Geschichte: hinterfragen &#8211; erforschen &#8211; aufkl\u00e4ren e.V.<\/li>\n\n\n\n<li>Geschichtswerkstatt G\u00f6ttingen e.V.<\/li>\n\n\n\n<li>G\u00f6ttingen Postkolonial<\/li>\n\n\n\n<li>PLEA e.V. (Partnerschaft f\u00fcr L\u00e4ndliche Entwicklung in Afrika e.V.)<\/li>\n\n\n\n<li>Frauen-Notruf G\u00f6ttingen e.V. \/ Beratungs &#8211; und Fachzentrum sexuelle und h\u00e4usliche Gewalt<\/li>\n\n\n\n<li>Phoenix \/ Kinder und Jugendberatung bei sexueller und h\u00e4uslicher Gewalt<\/li>\n\n\n\n<li>Kore e.V &#8211; Frauenbildung, Sozialberatung, M\u00e4dchenarbeit<\/li>\n\n\n\n<li>Kinderladen Klosterpark<\/li>\n\n\n\n<li>Forum Waageplatzviertel<\/li>\n\n\n\n<li>Redical M<\/li>\n\n\n\n<li>Flause (Peloton e.V.)<\/li>\n\n\n\n<li>Ende Gel\u00e4nde G\u00f6ttingen<\/li>\n\n\n\n<li>EndFossil: Occupy! G\u00f6ttingen<\/li>\n\n\n\n<li>OLAfA<\/li>\n\n\n\n<li>Linksjugend [&#8216;solid] G\u00f6ttingen<\/li>\n\n\n\n<li>Die Linke G\u00f6ttingen \/ Osterode<\/li>\n\n\n\n<li>DiEM25-G\u00f6ttingen<\/li>\n\n\n\n<li>Die PARTEI G\u00f6ttingen<\/li>\n\n\n\n<li>Gr\u00fcne Jugend G\u00f6ttingen<\/li>\n\n\n\n<li>Basisgruppe Medizin<\/li>\n\n\n\n<li>Basisgruppe Germanistik<\/li>\n\n\n\n<li>Basisgruppe Umwelt<\/li>\n\n\n\n<li>Basisgruppe Jura\/Arbeitskreis kritischer Jurist*innen G\u00f6ttingen<\/li>\n\n\n\n<li>Basisgruppe Skandinavistik<\/li>\n\n\n\n<li>Rechtsanwalt Nils Sp\u00f6rkel, G\u00f6ttingen<\/li>\n\n\n\n<li>Rechtsanwalt Sven Adam, G\u00f6ttingen<\/li>\n\n\n\n<li>Rechtsanwalt Rasmus Kahlen, G\u00f6ttingen<\/li>\n\n\n\n<li>Lino Klevesath (Mitglied des Kreisvorstandes von B\u00fcndnis 90\/Die Gr\u00fcnen G\u00f6ttingen)<\/li>\n<\/ul>\n\n\n\n<p><\/p>\n","protected":false},"excerpt":{"rendered":"<p>Am Mittwoch, den 15. Mai 2024 wurde dieser offene Brief an die Stadtverwaltung \u00fcbergeben. Sehr geehrte Oberb\u00fcrgermeisterin Broistedt, sehr geehrte Sozialdezernentin Krause, Vor wenigen Wochen fiel am Dienstag, den 9.4.2024 die Polizei in Ihrem Wissen und mit Ihrem Zuspruch in den H\u00e4userkomplex Groner Landstra\u00dfe 9a-b ein. Wir G\u00f6ttinger*innen verurteilen dieses Vorgehen und stellen uns klar&hellip;<\/p>\n","protected":false},"author":1,"featured_media":0,"parent":0,"menu_order":0,"comment_status":"closed","ping_status":"closed","template":"","meta":{"footnotes":""},"class_list":["post-29","page","type-page","status-publish","hentry"],"_links":{"self":[{"href":"https:\/\/voices-of-gl9.de\/index.php?rest_route=\/wp\/v2\/pages\/29","targetHints":{"allow":["GET"]}}],"collection":[{"href":"https:\/\/voices-of-gl9.de\/index.php?rest_route=\/wp\/v2\/pages"}],"about":[{"href":"https:\/\/voices-of-gl9.de\/index.php?rest_route=\/wp\/v2\/types\/page"}],"author":[{"embeddable":true,"href":"https:\/\/voices-of-gl9.de\/index.php?rest_route=\/wp\/v2\/users\/1"}],"replies":[{"embeddable":true,"href":"https:\/\/voices-of-gl9.de\/index.php?rest_route=%2Fwp%2Fv2%2Fcomments&post=29"}],"version-history":[{"count":15,"href":"https:\/\/voices-of-gl9.de\/index.php?rest_route=\/wp\/v2\/pages\/29\/revisions"}],"predecessor-version":[{"id":183,"href":"https:\/\/voices-of-gl9.de\/index.php?rest_route=\/wp\/v2\/pages\/29\/revisions\/183"}],"wp:attachment":[{"href":"https:\/\/voices-of-gl9.de\/index.php?rest_route=%2Fwp%2Fv2%2Fmedia&parent=29"}],"curies":[{"name":"wp","href":"https:\/\/api.w.org\/{rel}","templated":true}]}}