{"id":32,"date":"2024-05-09T08:22:25","date_gmt":"2024-05-09T08:22:25","guid":{"rendered":"https:\/\/gronerland.jmansour.opalstacked.com\/?page_id=32"},"modified":"2024-05-23T13:19:39","modified_gmt":"2024-05-23T11:19:39","slug":"startseite","status":"publish","type":"page","link":"https:\/\/voices-of-gl9.de\/","title":{"rendered":"Startseite"},"content":{"rendered":"\n<p class=\"is-style-default\"><\/p>\n\n\n\n<div class=\"wp-block-group alignfull has-light-background-background-color has-background\"><div class=\"wp-block-group__inner-container is-layout-flow wp-block-group-is-layout-flow\">\n<div class=\"wp-block-columns are-vertically-aligned-center is-layout-flex wp-container-core-columns-is-layout-9d6595d7 wp-block-columns-is-layout-flex\">\n<div class=\"wp-block-column is-vertically-aligned-center is-layout-flow wp-block-column-is-layout-flow\">\n<figure class=\"wp-block-image size-large wp-duotone-921f2e-ffffff-1\"><img decoding=\"async\" src=\"https:\/\/voices-of-gl9.de\/wp-content\/uploads\/2024\/05\/linksunten_2020_gl9-1024x683.jpg\" alt=\"\"\/><figcaption class=\"wp-element-caption\">Bild: Links Unten G\u00f6ttingen<\/figcaption><\/figure>\n<\/div>\n\n\n\n<div class=\"wp-block-column is-vertically-aligned-center is-layout-flow wp-block-column-is-layout-flow\">\n<div class=\"wp-block-group is-style-no-vertical-margin\"><div class=\"wp-block-group__inner-container is-layout-flow wp-block-group-is-layout-flow\">\n<h3 class=\"wp-block-heading is-style-default\">Dies ist auch unsere Stadt,<br>und dies ist unsere Geschichte<\/h3>\n\n\n\n<p>Am fr\u00fchen Morgen des 8. April 2024 st\u00fcrmte die Polizei auf Anweisung der Stadtverwaltung die Groner Landstra\u00dfe 9 in G\u00f6ttingen. Angebliches Ziel war &#8220;die Lebensumst\u00e4nde der Bewohner*innen zu verbessern&#8221;, doch in Realit\u00e4t bewirkte die Aktion nur die Kriminalisierung und Stigmatisierung der Bewohner*innen. Auf dieser Webseite kommen sie nun selbst zu Wort.<\/p>\n\n\n\n<div class=\"wp-block-buttons is-layout-flex wp-block-buttons-is-layout-flex\">\n<div class=\"wp-block-button is-style-fill\"><a class=\"wp-block-button__link wp-element-button\" href=\"https:\/\/voices-of-gl9.de\/?page_id=29\">Offener Brief an die Stadt<\/a><\/div>\n\n\n\n<div class=\"wp-block-button is-style-fill\"><a class=\"wp-block-button__link has-secondary-background-color has-background wp-element-button\" href=\"https:\/\/voices-of-gl9.de\/?p=131\">Was bisher geschah<\/a><\/div>\n<\/div>\n<\/div><\/div>\n<\/div>\n<\/div>\n<\/div><\/div>\n\n\n\n<h2 class=\"wp-block-heading\">Unsere Geschichte<\/h2>\n\n\n\n<figure class=\"wp-block-embed is-type-video is-provider-youtube wp-block-embed-youtube wp-embed-aspect-16-9 wp-has-aspect-ratio\"><div class=\"wp-block-embed__wrapper\">\n<iframe loading=\"lazy\" title=\"Razzia in G\u00f6ttinger Groner Landstra\u00dfe 9 - Bewohner:innen kommen zu Wort\" width=\"652\" height=\"367\" src=\"https:\/\/www.youtube.com\/embed\/Y3VaDXsr-lM?feature=oembed\" frameborder=\"0\" allow=\"accelerometer; autoplay; clipboard-write; encrypted-media; gyroscope; picture-in-picture; web-share\" referrerpolicy=\"strict-origin-when-cross-origin\" allowfullscreen><\/iframe>\n<\/div><\/figure>\n\n\n\n<h2 class=\"wp-block-heading\">Beitr\u00e4ge<\/h2>\n\n\n\n<div class=\"wp-block-query is-layout-flow wp-block-query-is-layout-flow\"><ul class=\"wp-block-post-template is-layout-flow wp-block-post-template-is-layout-flow\"><li class=\"wp-block-post post-131 post type-post status-publish format-standard has-post-thumbnail hentry category-uncategorized\">\n<h3 class=\"wp-block-post-title\"><a href=\"https:\/\/voices-of-gl9.de\/?p=131\" target=\"_self\" >Was bisher geschah<\/a><\/h3>\n\n<figure class=\"aligncenter wp-block-post-featured-image\"><a href=\"https:\/\/voices-of-gl9.de\/?p=131\" target=\"_self\"  ><img loading=\"lazy\" decoding=\"async\" width=\"2048\" height=\"1367\" src=\"https:\/\/voices-of-gl9.de\/wp-content\/uploads\/2024\/05\/240409-HB-Groner-Landstrasse-1.jpg\" class=\"attachment-post-thumbnail size-post-thumbnail wp-post-image\" alt=\"Was bisher geschah\" style=\"object-fit:cover;\" srcset=\"https:\/\/voices-of-gl9.de\/wp-content\/uploads\/2024\/05\/240409-HB-Groner-Landstrasse-1.jpg 2048w, https:\/\/voices-of-gl9.de\/wp-content\/uploads\/2024\/05\/240409-HB-Groner-Landstrasse-1-300x200.jpg 300w, https:\/\/voices-of-gl9.de\/wp-content\/uploads\/2024\/05\/240409-HB-Groner-Landstrasse-1-1024x684.jpg 1024w, https:\/\/voices-of-gl9.de\/wp-content\/uploads\/2024\/05\/240409-HB-Groner-Landstrasse-1-768x513.jpg 768w, https:\/\/voices-of-gl9.de\/wp-content\/uploads\/2024\/05\/240409-HB-Groner-Landstrasse-1-1536x1025.jpg 1536w, https:\/\/voices-of-gl9.de\/wp-content\/uploads\/2024\/05\/240409-HB-Groner-Landstrasse-1-1080x721.jpg 1080w\" sizes=\"auto, (max-width: 2048px) 100vw, 2048px\" \/><\/a><\/figure>\n\n\n<p><\/p>\n\n\n<div class=\"wp-block-post-date\"><time datetime=\"2024-05-14T14:40:46+02:00\">14. Mai 2024<\/time><\/div>\n\n<div class=\"wp-block-post-excerpt\"><p class=\"wp-block-post-excerpt__excerpt\">Was ist bisher an der Groner Landstra\u00dfe 9-9b passiert? Die Bewohner*innen der H\u00e4userkomplexes Groner Landstra\u00dfe 9-9b (GL9) in G\u00f6ttingen wurden 2020 von der Stadtverwaltung mit Z\u00e4unen und massivem Polizeiaufgebot in dem Komplex eingesperrt. Grund daf\u00fcr: Einige der 700 Anwohner*innen hatten sich mit dem Corona-Virus infiziert. Die damalige Sozialdezernentin Petra Broistedt, heute B\u00fcrgermeisterin der Stadt G\u00f6ttingen,&hellip; <\/p><\/div>\n<\/li><\/ul><\/div>\n\n\n\n<div class=\"wp-block-group alignwide\"><div class=\"wp-block-group__inner-container is-layout-constrained wp-block-group-is-layout-constrained\">\n<hr class=\"wp-block-separator has-text-color has-accent-color has-alpha-channel-opacity has-accent-background-color has-background is-style-default\"\/>\n\n\n\n<p>Diese Seite ist eine Initiative von:<\/p>\n\n\n\n<div class=\"wp-block-group alignfull is-style-no-vertical-margin is-content-justification-left is-layout-flex wp-container-core-group-is-layout-be94d697 wp-block-group-is-layout-flex\">\n<figure class=\"wp-block-image size-full is-resized is-style-no-vertical-margin\"><a href=\"https:\/\/www.roma-center.de\/\"><img loading=\"lazy\" decoding=\"async\" width=\"600\" height=\"120\" src=\"https:\/\/voices-of-gl9.de\/wp-content\/uploads\/2024\/05\/cropped-RC-RAN-Logo-2.jpg\" alt=\"\" class=\"wp-image-58\" style=\"width:auto;height:60px\" srcset=\"https:\/\/voices-of-gl9.de\/wp-content\/uploads\/2024\/05\/cropped-RC-RAN-Logo-2.jpg 600w, https:\/\/voices-of-gl9.de\/wp-content\/uploads\/2024\/05\/cropped-RC-RAN-Logo-2-300x60.jpg 300w\" sizes=\"auto, (max-width: 600px) 100vw, 600px\" \/><\/a><\/figure>\n\n\n\n<div style=\"height:100px;width:40px\" aria-hidden=\"true\" class=\"wp-block-spacer wp-container-content-28f0cd9b\"><\/div>\n\n\n\n<figure class=\"wp-block-image size-full is-resized is-style-no-vertical-margin\"><a href=\"https:\/\/falken-goettingen.de\/\"><img loading=\"lazy\" decoding=\"async\" width=\"554\" height=\"169\" src=\"https:\/\/voices-of-gl9.de\/wp-content\/uploads\/2024\/05\/Bildschirmfoto-2024-05-09-um-12.14.20.png\" alt=\"\" class=\"wp-image-57\" style=\"width:auto;height:60px\" srcset=\"https:\/\/voices-of-gl9.de\/wp-content\/uploads\/2024\/05\/Bildschirmfoto-2024-05-09-um-12.14.20.png 554w, https:\/\/voices-of-gl9.de\/wp-content\/uploads\/2024\/05\/Bildschirmfoto-2024-05-09-um-12.14.20-300x92.png 300w\" sizes=\"auto, (max-width: 554px) 100vw, 554px\" \/><\/a><\/figure>\n\n\n\n<div style=\"height:100px;width:40px\" aria-hidden=\"true\" class=\"wp-block-spacer wp-container-content-28f0cd9b\"><\/div>\n\n\n\n<figure class=\"wp-block-image size-full is-resized is-style-no-vertical-margin\"><a href=\"https:\/\/www.inventati.org\/blgoe\/\"><img loading=\"lazy\" decoding=\"async\" width=\"545\" height=\"544\" src=\"https:\/\/voices-of-gl9.de\/wp-content\/uploads\/2024\/05\/BL-Logo.png\" alt=\"\" class=\"wp-image-59\" style=\"width:auto;height:80px\" srcset=\"https:\/\/voices-of-gl9.de\/wp-content\/uploads\/2024\/05\/BL-Logo.png 545w, https:\/\/voices-of-gl9.de\/wp-content\/uploads\/2024\/05\/BL-Logo-300x300.png 300w, https:\/\/voices-of-gl9.de\/wp-content\/uploads\/2024\/05\/BL-Logo-150x150.png 150w\" sizes=\"auto, (max-width: 545px) 100vw, 545px\" \/><\/a><\/figure>\n<\/div>\n<\/div><\/div>\n","protected":false},"excerpt":{"rendered":"<p>Dies ist auch unsere Stadt,und dies ist unsere Geschichte Am fr\u00fchen Morgen des 8. April 2024 st\u00fcrmte die Polizei auf Anweisung der Stadtverwaltung die Groner Landstra\u00dfe 9 in G\u00f6ttingen. Angebliches Ziel war &#8220;die Lebensumst\u00e4nde der Bewohner*innen zu verbessern&#8221;, doch in Realit\u00e4t bewirkte die Aktion nur die Kriminalisierung und Stigmatisierung der Bewohner*innen. Auf dieser Webseite kommen&hellip;<\/p>\n","protected":false},"author":1,"featured_media":0,"parent":0,"menu_order":0,"comment_status":"closed","ping_status":"closed","template":"page-templates\/template-no-title.php","meta":{"footnotes":""},"class_list":["post-32","page","type-page","status-publish","hentry"],"_links":{"self":[{"href":"https:\/\/voices-of-gl9.de\/index.php?rest_route=\/wp\/v2\/pages\/32","targetHints":{"allow":["GET"]}}],"collection":[{"href":"https:\/\/voices-of-gl9.de\/index.php?rest_route=\/wp\/v2\/pages"}],"about":[{"href":"https:\/\/voices-of-gl9.de\/index.php?rest_route=\/wp\/v2\/types\/page"}],"author":[{"embeddable":true,"href":"https:\/\/voices-of-gl9.de\/index.php?rest_route=\/wp\/v2\/users\/1"}],"replies":[{"embeddable":true,"href":"https:\/\/voices-of-gl9.de\/index.php?rest_route=%2Fwp%2Fv2%2Fcomments&post=32"}],"version-history":[{"count":60,"href":"https:\/\/voices-of-gl9.de\/index.php?rest_route=\/wp\/v2\/pages\/32\/revisions"}],"predecessor-version":[{"id":174,"href":"https:\/\/voices-of-gl9.de\/index.php?rest_route=\/wp\/v2\/pages\/32\/revisions\/174"}],"wp:attachment":[{"href":"https:\/\/voices-of-gl9.de\/index.php?rest_route=%2Fwp%2Fv2%2Fmedia&parent=32"}],"curies":[{"name":"wp","href":"https:\/\/api.w.org\/{rel}","templated":true}]}}